{"id":3744,"date":"2021-06-19T15:21:25","date_gmt":"2021-06-19T15:21:25","guid":{"rendered":"https:\/\/naturacamp-karli.com\/proizvod\/med-livada\/"},"modified":"2022-04-25T12:29:23","modified_gmt":"2022-04-25T12:29:23","slug":"miele-livada","status":"publish","type":"product","link":"https:\/\/naturacamp-karli.com\/it\/proizvod\/miele-livada\/","title":{"rendered":"Miele  &#8211; Livada Bagrem"},"content":{"rendered":"","protected":false},"excerpt":{"rendered":"<p>Il miele misto acacia e prato \u00e8 estremamente leggero e gustoso, di colore chiaro e profumo dolce. Grazie alle sue caratteristiche in Croazia \u00e8 ritenuto uno dei tipi di miele pi\u00f9<span class=\"Apple-converted-space\">\u00a0 <\/span>pregiati. Nella sua composizione chimica contiene pi\u00f9 <b>fruttosio<\/b> che<b> glucosio<\/b> e perci\u00f2 la cristalizzazione avviene lentamente e rimane in stato liquido per mesi. Il miele aiuta a combattere l&#8217;insonnia, calma il sistema nervoso troppo stimolato, riduce le conseguenze dello stress accumulato. Ottimo per le vie respiratorie e contro la tosse; il miele di acacia e prato \u00e8 usato spesso in caso di bronchite ed \u00e8 uno dei tipi pi\u00f9 consumati in Croazia.<\/p>\n","protected":false},"featured_media":3745,"template":"","meta":[],"product_brand":[],"product_cat":[93],"product_tag":[],"class_list":{"0":"post-3744","1":"product","2":"type-product","3":"status-publish","4":"has-post-thumbnail","6":"product_cat-webshop-it","7":"product_shipping_class-dostava-it","9":"first","10":"outofstock","11":"taxable","12":"shipping-taxable","13":"purchasable","14":"product-type-variable"},"yoast_head":"<!-- This site is optimized with the Yoast SEO plugin v27.5 - https:\/\/yoast.com\/product\/yoast-seo-wordpress\/ -->\n<title>Miele - Livada Bagrem - Karli<\/title>\n<meta name=\"robots\" content=\"index, follow, max-snippet:-1, max-image-preview:large, max-video-preview:-1\" \/>\n<link rel=\"canonical\" href=\"https:\/\/naturacamp-karli.com\/it\/proizvod\/miele-livada\/\" \/>\n<meta property=\"og:locale\" content=\"it_IT\" \/>\n<meta property=\"og:type\" content=\"article\" \/>\n<meta property=\"og:title\" content=\"Miele - Livada Bagrem - Karli\" \/>\n<meta property=\"og:description\" content=\"Il miele misto acacia e prato \u00e8 estremamente leggero e gustoso, di colore chiaro e profumo dolce. Grazie alle sue caratteristiche in Croazia \u00e8 ritenuto uno dei tipi di miele pi\u00f9\u00a0 pregiati. Nella sua composizione chimica contiene pi\u00f9 fruttosio che glucosio e perci\u00f2 la cristalizzazione avviene lentamente e rimane in stato liquido per mesi. Il miele aiuta a combattere l&#039;insonnia, calma il sistema nervoso troppo stimolato, riduce le conseguenze dello stress accumulato. Ottimo per le vie respiratorie e contro la tosse; il miele di acacia e prato \u00e8 usato spesso in caso di bronchite ed \u00e8 uno dei tipi pi\u00f9 consumati in Croazia.\" \/>\n<meta property=\"og:url\" content=\"https:\/\/naturacamp-karli.com\/it\/proizvod\/miele-livada\/\" \/>\n<meta property=\"og:site_name\" content=\"Karli\" \/>\n<meta property=\"article:modified_time\" content=\"2022-04-25T12:29:23+00:00\" \/>\n<meta property=\"og:image\" content=\"https:\/\/naturacamp-karli.com\/wp-content\/uploads\/2021\/06\/Bagremov_med_Karli.jpg\" \/>\n\t<meta property=\"og:image:width\" content=\"1500\" \/>\n\t<meta property=\"og:image:height\" content=\"1500\" \/>\n\t<meta property=\"og:image:type\" content=\"image\/jpeg\" \/>\n<meta name=\"twitter:card\" content=\"summary_large_image\" \/>\n<script type=\"application\/ld+json\" class=\"yoast-schema-graph\">{\"@context\":\"https:\\\/\\\/schema.org\",\"@graph\":[{\"@type\":\"WebPage\",\"@id\":\"https:\\\/\\\/naturacamp-karli.com\\\/it\\\/proizvod\\\/miele-livada\\\/\",\"url\":\"https:\\\/\\\/naturacamp-karli.com\\\/it\\\/proizvod\\\/miele-livada\\\/\",\"name\":\"Miele - Livada Bagrem - Karli\",\"isPartOf\":{\"@id\":\"https:\\\/\\\/naturacamp-karli.com\\\/en\\\/#website\"},\"primaryImageOfPage\":{\"@id\":\"https:\\\/\\\/naturacamp-karli.com\\\/it\\\/proizvod\\\/miele-livada\\\/#primaryimage\"},\"image\":{\"@id\":\"https:\\\/\\\/naturacamp-karli.com\\\/it\\\/proizvod\\\/miele-livada\\\/#primaryimage\"},\"thumbnailUrl\":\"https:\\\/\\\/naturacamp-karli.com\\\/wp-content\\\/uploads\\\/2021\\\/06\\\/Bagremov_med_Karli.jpg\",\"datePublished\":\"2021-06-19T15:21:25+00:00\",\"dateModified\":\"2022-04-25T12:29:23+00:00\",\"breadcrumb\":{\"@id\":\"https:\\\/\\\/naturacamp-karli.com\\\/it\\\/proizvod\\\/miele-livada\\\/#breadcrumb\"},\"inLanguage\":\"it-IT\",\"potentialAction\":[{\"@type\":\"ReadAction\",\"target\":[\"https:\\\/\\\/naturacamp-karli.com\\\/it\\\/proizvod\\\/miele-livada\\\/\"]}]},{\"@type\":\"ImageObject\",\"inLanguage\":\"it-IT\",\"@id\":\"https:\\\/\\\/naturacamp-karli.com\\\/it\\\/proizvod\\\/miele-livada\\\/#primaryimage\",\"url\":\"https:\\\/\\\/naturacamp-karli.com\\\/wp-content\\\/uploads\\\/2021\\\/06\\\/Bagremov_med_Karli.jpg\",\"contentUrl\":\"https:\\\/\\\/naturacamp-karli.com\\\/wp-content\\\/uploads\\\/2021\\\/06\\\/Bagremov_med_Karli.jpg\",\"width\":1500,\"height\":1500,\"caption\":\"Bagremov med Karli\"},{\"@type\":\"BreadcrumbList\",\"@id\":\"https:\\\/\\\/naturacamp-karli.com\\\/it\\\/proizvod\\\/miele-livada\\\/#breadcrumb\",\"itemListElement\":[{\"@type\":\"ListItem\",\"position\":1,\"name\":\"Home\",\"item\":\"https:\\\/\\\/naturacamp-karli.com\\\/it\\\/\"},{\"@type\":\"ListItem\",\"position\":2,\"name\":\"Negozio\",\"item\":\"https:\\\/\\\/naturacamp-karli.com\\\/it\\\/negozio\\\/\"},{\"@type\":\"ListItem\",\"position\":3,\"name\":\"Miele &#8211; Livada Bagrem\"}]},{\"@type\":\"WebSite\",\"@id\":\"https:\\\/\\\/naturacamp-karli.com\\\/en\\\/#website\",\"url\":\"https:\\\/\\\/naturacamp-karli.com\\\/en\\\/\",\"name\":\"Karli\",\"description\":\"Relaxing Camping Experience\",\"potentialAction\":[{\"@type\":\"SearchAction\",\"target\":{\"@type\":\"EntryPoint\",\"urlTemplate\":\"https:\\\/\\\/naturacamp-karli.com\\\/en\\\/?s={search_term_string}\"},\"query-input\":{\"@type\":\"PropertyValueSpecification\",\"valueRequired\":true,\"valueName\":\"search_term_string\"}}],\"inLanguage\":\"it-IT\"}]}<\/script>\n<!-- \/ Yoast SEO plugin. -->","yoast_head_json":{"title":"Miele - Livada Bagrem - Karli","robots":{"index":"index","follow":"follow","max-snippet":"max-snippet:-1","max-image-preview":"max-image-preview:large","max-video-preview":"max-video-preview:-1"},"canonical":"https:\/\/naturacamp-karli.com\/it\/proizvod\/miele-livada\/","og_locale":"it_IT","og_type":"article","og_title":"Miele - Livada Bagrem - Karli","og_description":"Il miele misto acacia e prato \u00e8 estremamente leggero e gustoso, di colore chiaro e profumo dolce. Grazie alle sue caratteristiche in Croazia \u00e8 ritenuto uno dei tipi di miele pi\u00f9\u00a0 pregiati. Nella sua composizione chimica contiene pi\u00f9 fruttosio che glucosio e perci\u00f2 la cristalizzazione avviene lentamente e rimane in stato liquido per mesi. Il miele aiuta a combattere l'insonnia, calma il sistema nervoso troppo stimolato, riduce le conseguenze dello stress accumulato. Ottimo per le vie respiratorie e contro la tosse; il miele di acacia e prato \u00e8 usato spesso in caso di bronchite ed \u00e8 uno dei tipi pi\u00f9 consumati in Croazia.","og_url":"https:\/\/naturacamp-karli.com\/it\/proizvod\/miele-livada\/","og_site_name":"Karli","article_modified_time":"2022-04-25T12:29:23+00:00","og_image":[{"width":1500,"height":1500,"url":"https:\/\/naturacamp-karli.com\/wp-content\/uploads\/2021\/06\/Bagremov_med_Karli.jpg","type":"image\/jpeg"}],"twitter_card":"summary_large_image","schema":{"@context":"https:\/\/schema.org","@graph":[{"@type":"WebPage","@id":"https:\/\/naturacamp-karli.com\/it\/proizvod\/miele-livada\/","url":"https:\/\/naturacamp-karli.com\/it\/proizvod\/miele-livada\/","name":"Miele - Livada Bagrem - Karli","isPartOf":{"@id":"https:\/\/naturacamp-karli.com\/en\/#website"},"primaryImageOfPage":{"@id":"https:\/\/naturacamp-karli.com\/it\/proizvod\/miele-livada\/#primaryimage"},"image":{"@id":"https:\/\/naturacamp-karli.com\/it\/proizvod\/miele-livada\/#primaryimage"},"thumbnailUrl":"https:\/\/naturacamp-karli.com\/wp-content\/uploads\/2021\/06\/Bagremov_med_Karli.jpg","datePublished":"2021-06-19T15:21:25+00:00","dateModified":"2022-04-25T12:29:23+00:00","breadcrumb":{"@id":"https:\/\/naturacamp-karli.com\/it\/proizvod\/miele-livada\/#breadcrumb"},"inLanguage":"it-IT","potentialAction":[{"@type":"ReadAction","target":["https:\/\/naturacamp-karli.com\/it\/proizvod\/miele-livada\/"]}]},{"@type":"ImageObject","inLanguage":"it-IT","@id":"https:\/\/naturacamp-karli.com\/it\/proizvod\/miele-livada\/#primaryimage","url":"https:\/\/naturacamp-karli.com\/wp-content\/uploads\/2021\/06\/Bagremov_med_Karli.jpg","contentUrl":"https:\/\/naturacamp-karli.com\/wp-content\/uploads\/2021\/06\/Bagremov_med_Karli.jpg","width":1500,"height":1500,"caption":"Bagremov med Karli"},{"@type":"BreadcrumbList","@id":"https:\/\/naturacamp-karli.com\/it\/proizvod\/miele-livada\/#breadcrumb","itemListElement":[{"@type":"ListItem","position":1,"name":"Home","item":"https:\/\/naturacamp-karli.com\/it\/"},{"@type":"ListItem","position":2,"name":"Negozio","item":"https:\/\/naturacamp-karli.com\/it\/negozio\/"},{"@type":"ListItem","position":3,"name":"Miele &#8211; Livada Bagrem"}]},{"@type":"WebSite","@id":"https:\/\/naturacamp-karli.com\/en\/#website","url":"https:\/\/naturacamp-karli.com\/en\/","name":"Karli","description":"Relaxing Camping Experience","potentialAction":[{"@type":"SearchAction","target":{"@type":"EntryPoint","urlTemplate":"https:\/\/naturacamp-karli.com\/en\/?s={search_term_string}"},"query-input":{"@type":"PropertyValueSpecification","valueRequired":true,"valueName":"search_term_string"}}],"inLanguage":"it-IT"}]}},"_links":{"self":[{"href":"https:\/\/naturacamp-karli.com\/it\/wp-json\/wp\/v2\/product\/3744","targetHints":{"allow":["GET"]}}],"collection":[{"href":"https:\/\/naturacamp-karli.com\/it\/wp-json\/wp\/v2\/product"}],"about":[{"href":"https:\/\/naturacamp-karli.com\/it\/wp-json\/wp\/v2\/types\/product"}],"wp:featuredmedia":[{"embeddable":true,"href":"https:\/\/naturacamp-karli.com\/it\/wp-json\/wp\/v2\/media\/3745"}],"wp:attachment":[{"href":"https:\/\/naturacamp-karli.com\/it\/wp-json\/wp\/v2\/media?parent=3744"}],"wp:term":[{"taxonomy":"product_brand","embeddable":true,"href":"https:\/\/naturacamp-karli.com\/it\/wp-json\/wp\/v2\/product_brand?post=3744"},{"taxonomy":"product_cat","embeddable":true,"href":"https:\/\/naturacamp-karli.com\/it\/wp-json\/wp\/v2\/product_cat?post=3744"},{"taxonomy":"product_tag","embeddable":true,"href":"https:\/\/naturacamp-karli.com\/it\/wp-json\/wp\/v2\/product_tag?post=3744"}],"curies":[{"name":"wp","href":"https:\/\/api.w.org\/{rel}","templated":true}]}}