{"id":3737,"date":"2021-06-19T15:12:42","date_gmt":"2021-06-19T15:12:42","guid":{"rendered":"https:\/\/naturacamp-karli.com\/proizvod\/maslinovo-ulje\/"},"modified":"2022-04-25T12:35:01","modified_gmt":"2022-04-25T12:35:01","slug":"olio-doliva-extravergine","status":"publish","type":"product","link":"https:\/\/naturacamp-karli.com\/it\/proizvod\/olio-doliva-extravergine\/","title":{"rendered":"Olio d&#8217;oliva extravergine"},"content":{"rendered":"","protected":false},"excerpt":{"rendered":"<p>Misto delle seguenti variet\u00e0: <i>bjelica<\/i> istriana, <i>bu\u017ea<\/i>, rosignola, leccino e pendolino<\/p>\n<p>Con l&#8217;estrazione a freddo delle olive dei nostri uliveti si ricava un olio extravergine con la percentuale di acidi grassi liberi dal 0,08 al 0,2%. Per raggiungere la qualit\u00e0 di un&#8217;olio d&#8217;oliva superiore \u00e8 neccessario disporre di un frutto di qualit\u00e0, lavorarlo a freddo attraverso un processo meccanico entro 12 ore dalla raccolta, conservare l&#8217;olio in botti inox preservandolo dall&#8217;aria a 18\u00b0C e riempire le bottiglie seguendo meticolosamente i passaggi delle soluzioni tecnologiche adatte. L&#8217;olio cos\u00ec ricavato \u00e8<span class=\"Apple-converted-space\">\u00a0 <\/span>ricchissimo di elementi nutrizionali con un&#8217;accentuata nota aromatica. In ogni goccia di quest&#8217;olio extravergine si fondono tradizione centenaria e conoscenze pi\u00f9 innovative dell&#8217;agrotecnica e tecnologia di produzione dell&#8217;olio d&#8217;oliva.<\/p>\n<p>Il colore \u00e8 verde oro chiaro, il profumo delicato e ricco di note d&#8217;erba appena tagliata, carciofi ed erbe balsamiche &#8211;<span class=\"Apple-converted-space\">\u00a0 <\/span>menta e rosmarino.<span class=\"Apple-converted-space\">\u00a0 <\/span>Il gusto \u00e8 forte e complesso di oliva verde con dolci note di pepe nero le quali ne fanno un olio mediamente amaro e piccante.<\/p>\n","protected":false},"featured_media":3740,"template":"","meta":[],"product_brand":[],"product_cat":[93],"product_tag":[],"class_list":{"0":"post-3737","1":"product","2":"type-product","3":"status-publish","4":"has-post-thumbnail","6":"product_cat-webshop-it","7":"product_shipping_class-dostava-it","9":"first","10":"outofstock","11":"taxable","12":"shipping-taxable","13":"purchasable","14":"product-type-variable"},"yoast_head":"<!-- This site is optimized with the Yoast SEO plugin v27.5 - https:\/\/yoast.com\/product\/yoast-seo-wordpress\/ -->\n<title>Olio d&#039;oliva extravergine - Karli<\/title>\n<meta name=\"robots\" content=\"index, follow, max-snippet:-1, max-image-preview:large, max-video-preview:-1\" \/>\n<link rel=\"canonical\" href=\"https:\/\/naturacamp-karli.com\/it\/proizvod\/olio-doliva-extravergine\/\" \/>\n<meta property=\"og:locale\" content=\"it_IT\" \/>\n<meta property=\"og:type\" content=\"article\" \/>\n<meta property=\"og:title\" content=\"Olio d&#039;oliva extravergine - Karli\" \/>\n<meta property=\"og:description\" content=\"Misto delle seguenti variet\u00e0: bjelica istriana, bu\u017ea, rosignola, leccino e pendolino  Con l&#039;estrazione a freddo delle olive dei nostri uliveti si ricava un olio extravergine con la percentuale di acidi grassi liberi dal 0,08 al 0,2%. Per raggiungere la qualit\u00e0 di un&#039;olio d&#039;oliva superiore \u00e8 neccessario disporre di un frutto di qualit\u00e0, lavorarlo a freddo attraverso un processo meccanico entro 12 ore dalla raccolta, conservare l&#039;olio in botti inox preservandolo dall&#039;aria a 18\u00b0C e riempire le bottiglie seguendo meticolosamente i passaggi delle soluzioni tecnologiche adatte. L&#039;olio cos\u00ec ricavato \u00e8\u00a0 ricchissimo di elementi nutrizionali con un&#039;accentuata nota aromatica. In ogni goccia di quest&#039;olio extravergine si fondono tradizione centenaria e conoscenze pi\u00f9 innovative dell&#039;agrotecnica e tecnologia di produzione dell&#039;olio d&#039;oliva.  Il colore \u00e8 verde oro chiaro, il profumo delicato e ricco di note d&#039;erba appena tagliata, carciofi ed erbe balsamiche -\u00a0 menta e rosmarino.\u00a0 Il gusto \u00e8 forte e complesso di oliva verde con dolci note di pepe nero le quali ne fanno un olio mediamente amaro e piccante.\" \/>\n<meta property=\"og:url\" content=\"https:\/\/naturacamp-karli.com\/it\/proizvod\/olio-doliva-extravergine\/\" \/>\n<meta property=\"og:site_name\" content=\"Karli\" \/>\n<meta property=\"article:modified_time\" content=\"2022-04-25T12:35:01+00:00\" \/>\n<meta property=\"og:image\" content=\"https:\/\/naturacamp-karli.com\/wp-content\/uploads\/2021\/06\/Maslinovo_ulje_Karli_1.jpg\" \/>\n\t<meta property=\"og:image:width\" content=\"1500\" \/>\n\t<meta property=\"og:image:height\" content=\"1500\" \/>\n\t<meta property=\"og:image:type\" content=\"image\/jpeg\" \/>\n<meta name=\"twitter:card\" content=\"summary_large_image\" \/>\n<script type=\"application\/ld+json\" class=\"yoast-schema-graph\">{\"@context\":\"https:\\\/\\\/schema.org\",\"@graph\":[{\"@type\":\"WebPage\",\"@id\":\"https:\\\/\\\/naturacamp-karli.com\\\/it\\\/proizvod\\\/olio-doliva-extravergine\\\/\",\"url\":\"https:\\\/\\\/naturacamp-karli.com\\\/it\\\/proizvod\\\/olio-doliva-extravergine\\\/\",\"name\":\"Olio d'oliva extravergine - Karli\",\"isPartOf\":{\"@id\":\"https:\\\/\\\/naturacamp-karli.com\\\/en\\\/#website\"},\"primaryImageOfPage\":{\"@id\":\"https:\\\/\\\/naturacamp-karli.com\\\/it\\\/proizvod\\\/olio-doliva-extravergine\\\/#primaryimage\"},\"image\":{\"@id\":\"https:\\\/\\\/naturacamp-karli.com\\\/it\\\/proizvod\\\/olio-doliva-extravergine\\\/#primaryimage\"},\"thumbnailUrl\":\"https:\\\/\\\/naturacamp-karli.com\\\/wp-content\\\/uploads\\\/2021\\\/06\\\/Maslinovo_ulje_Karli_1.jpg\",\"datePublished\":\"2021-06-19T15:12:42+00:00\",\"dateModified\":\"2022-04-25T12:35:01+00:00\",\"breadcrumb\":{\"@id\":\"https:\\\/\\\/naturacamp-karli.com\\\/it\\\/proizvod\\\/olio-doliva-extravergine\\\/#breadcrumb\"},\"inLanguage\":\"it-IT\",\"potentialAction\":[{\"@type\":\"ReadAction\",\"target\":[\"https:\\\/\\\/naturacamp-karli.com\\\/it\\\/proizvod\\\/olio-doliva-extravergine\\\/\"]}]},{\"@type\":\"ImageObject\",\"inLanguage\":\"it-IT\",\"@id\":\"https:\\\/\\\/naturacamp-karli.com\\\/it\\\/proizvod\\\/olio-doliva-extravergine\\\/#primaryimage\",\"url\":\"https:\\\/\\\/naturacamp-karli.com\\\/wp-content\\\/uploads\\\/2021\\\/06\\\/Maslinovo_ulje_Karli_1.jpg\",\"contentUrl\":\"https:\\\/\\\/naturacamp-karli.com\\\/wp-content\\\/uploads\\\/2021\\\/06\\\/Maslinovo_ulje_Karli_1.jpg\",\"width\":1500,\"height\":1500,\"caption\":\"Maslinovo ulje Karli\"},{\"@type\":\"BreadcrumbList\",\"@id\":\"https:\\\/\\\/naturacamp-karli.com\\\/it\\\/proizvod\\\/olio-doliva-extravergine\\\/#breadcrumb\",\"itemListElement\":[{\"@type\":\"ListItem\",\"position\":1,\"name\":\"Home\",\"item\":\"https:\\\/\\\/naturacamp-karli.com\\\/it\\\/\"},{\"@type\":\"ListItem\",\"position\":2,\"name\":\"Negozio\",\"item\":\"https:\\\/\\\/naturacamp-karli.com\\\/it\\\/negozio\\\/\"},{\"@type\":\"ListItem\",\"position\":3,\"name\":\"Olio d&#8217;oliva extravergine\"}]},{\"@type\":\"WebSite\",\"@id\":\"https:\\\/\\\/naturacamp-karli.com\\\/en\\\/#website\",\"url\":\"https:\\\/\\\/naturacamp-karli.com\\\/en\\\/\",\"name\":\"Karli\",\"description\":\"Relaxing Camping Experience\",\"potentialAction\":[{\"@type\":\"SearchAction\",\"target\":{\"@type\":\"EntryPoint\",\"urlTemplate\":\"https:\\\/\\\/naturacamp-karli.com\\\/en\\\/?s={search_term_string}\"},\"query-input\":{\"@type\":\"PropertyValueSpecification\",\"valueRequired\":true,\"valueName\":\"search_term_string\"}}],\"inLanguage\":\"it-IT\"}]}<\/script>\n<!-- \/ Yoast SEO plugin. -->","yoast_head_json":{"title":"Olio d'oliva extravergine - Karli","robots":{"index":"index","follow":"follow","max-snippet":"max-snippet:-1","max-image-preview":"max-image-preview:large","max-video-preview":"max-video-preview:-1"},"canonical":"https:\/\/naturacamp-karli.com\/it\/proizvod\/olio-doliva-extravergine\/","og_locale":"it_IT","og_type":"article","og_title":"Olio d'oliva extravergine - Karli","og_description":"Misto delle seguenti variet\u00e0: bjelica istriana, bu\u017ea, rosignola, leccino e pendolino  Con l'estrazione a freddo delle olive dei nostri uliveti si ricava un olio extravergine con la percentuale di acidi grassi liberi dal 0,08 al 0,2%. Per raggiungere la qualit\u00e0 di un'olio d'oliva superiore \u00e8 neccessario disporre di un frutto di qualit\u00e0, lavorarlo a freddo attraverso un processo meccanico entro 12 ore dalla raccolta, conservare l'olio in botti inox preservandolo dall'aria a 18\u00b0C e riempire le bottiglie seguendo meticolosamente i passaggi delle soluzioni tecnologiche adatte. L'olio cos\u00ec ricavato \u00e8\u00a0 ricchissimo di elementi nutrizionali con un'accentuata nota aromatica. In ogni goccia di quest'olio extravergine si fondono tradizione centenaria e conoscenze pi\u00f9 innovative dell'agrotecnica e tecnologia di produzione dell'olio d'oliva.  Il colore \u00e8 verde oro chiaro, il profumo delicato e ricco di note d'erba appena tagliata, carciofi ed erbe balsamiche -\u00a0 menta e rosmarino.\u00a0 Il gusto \u00e8 forte e complesso di oliva verde con dolci note di pepe nero le quali ne fanno un olio mediamente amaro e piccante.","og_url":"https:\/\/naturacamp-karli.com\/it\/proizvod\/olio-doliva-extravergine\/","og_site_name":"Karli","article_modified_time":"2022-04-25T12:35:01+00:00","og_image":[{"width":1500,"height":1500,"url":"https:\/\/naturacamp-karli.com\/wp-content\/uploads\/2021\/06\/Maslinovo_ulje_Karli_1.jpg","type":"image\/jpeg"}],"twitter_card":"summary_large_image","schema":{"@context":"https:\/\/schema.org","@graph":[{"@type":"WebPage","@id":"https:\/\/naturacamp-karli.com\/it\/proizvod\/olio-doliva-extravergine\/","url":"https:\/\/naturacamp-karli.com\/it\/proizvod\/olio-doliva-extravergine\/","name":"Olio d'oliva extravergine - Karli","isPartOf":{"@id":"https:\/\/naturacamp-karli.com\/en\/#website"},"primaryImageOfPage":{"@id":"https:\/\/naturacamp-karli.com\/it\/proizvod\/olio-doliva-extravergine\/#primaryimage"},"image":{"@id":"https:\/\/naturacamp-karli.com\/it\/proizvod\/olio-doliva-extravergine\/#primaryimage"},"thumbnailUrl":"https:\/\/naturacamp-karli.com\/wp-content\/uploads\/2021\/06\/Maslinovo_ulje_Karli_1.jpg","datePublished":"2021-06-19T15:12:42+00:00","dateModified":"2022-04-25T12:35:01+00:00","breadcrumb":{"@id":"https:\/\/naturacamp-karli.com\/it\/proizvod\/olio-doliva-extravergine\/#breadcrumb"},"inLanguage":"it-IT","potentialAction":[{"@type":"ReadAction","target":["https:\/\/naturacamp-karli.com\/it\/proizvod\/olio-doliva-extravergine\/"]}]},{"@type":"ImageObject","inLanguage":"it-IT","@id":"https:\/\/naturacamp-karli.com\/it\/proizvod\/olio-doliva-extravergine\/#primaryimage","url":"https:\/\/naturacamp-karli.com\/wp-content\/uploads\/2021\/06\/Maslinovo_ulje_Karli_1.jpg","contentUrl":"https:\/\/naturacamp-karli.com\/wp-content\/uploads\/2021\/06\/Maslinovo_ulje_Karli_1.jpg","width":1500,"height":1500,"caption":"Maslinovo ulje Karli"},{"@type":"BreadcrumbList","@id":"https:\/\/naturacamp-karli.com\/it\/proizvod\/olio-doliva-extravergine\/#breadcrumb","itemListElement":[{"@type":"ListItem","position":1,"name":"Home","item":"https:\/\/naturacamp-karli.com\/it\/"},{"@type":"ListItem","position":2,"name":"Negozio","item":"https:\/\/naturacamp-karli.com\/it\/negozio\/"},{"@type":"ListItem","position":3,"name":"Olio d&#8217;oliva extravergine"}]},{"@type":"WebSite","@id":"https:\/\/naturacamp-karli.com\/en\/#website","url":"https:\/\/naturacamp-karli.com\/en\/","name":"Karli","description":"Relaxing Camping Experience","potentialAction":[{"@type":"SearchAction","target":{"@type":"EntryPoint","urlTemplate":"https:\/\/naturacamp-karli.com\/en\/?s={search_term_string}"},"query-input":{"@type":"PropertyValueSpecification","valueRequired":true,"valueName":"search_term_string"}}],"inLanguage":"it-IT"}]}},"_links":{"self":[{"href":"https:\/\/naturacamp-karli.com\/it\/wp-json\/wp\/v2\/product\/3737","targetHints":{"allow":["GET"]}}],"collection":[{"href":"https:\/\/naturacamp-karli.com\/it\/wp-json\/wp\/v2\/product"}],"about":[{"href":"https:\/\/naturacamp-karli.com\/it\/wp-json\/wp\/v2\/types\/product"}],"wp:featuredmedia":[{"embeddable":true,"href":"https:\/\/naturacamp-karli.com\/it\/wp-json\/wp\/v2\/media\/3740"}],"wp:attachment":[{"href":"https:\/\/naturacamp-karli.com\/it\/wp-json\/wp\/v2\/media?parent=3737"}],"wp:term":[{"taxonomy":"product_brand","embeddable":true,"href":"https:\/\/naturacamp-karli.com\/it\/wp-json\/wp\/v2\/product_brand?post=3737"},{"taxonomy":"product_cat","embeddable":true,"href":"https:\/\/naturacamp-karli.com\/it\/wp-json\/wp\/v2\/product_cat?post=3737"},{"taxonomy":"product_tag","embeddable":true,"href":"https:\/\/naturacamp-karli.com\/it\/wp-json\/wp\/v2\/product_tag?post=3737"}],"curies":[{"name":"wp","href":"https:\/\/api.w.org\/{rel}","templated":true}]}}