{"id":3732,"date":"2021-06-19T15:09:16","date_gmt":"2021-06-19T15:09:16","guid":{"rendered":"https:\/\/naturacamp-karli.com\/proizvod\/stolno-bijelo-vino-malvazija-istarska\/"},"modified":"2022-04-25T12:25:54","modified_gmt":"2022-04-25T12:25:54","slug":"vino-bianco-da-tavola-malvasia-istriana","status":"publish","type":"product","link":"https:\/\/naturacamp-karli.com\/it\/proizvod\/vino-bianco-da-tavola-malvasia-istriana\/","title":{"rendered":"Vino bianco da tavola Malvasia istriana"},"content":{"rendered":"","protected":false},"excerpt":{"rendered":"<p>Vino secco con una bella sfumatura verde giallo. L&#8217;aroma \u00e8 fine, piacevole, con un marcato carattere floreale fruttato nonch\u00e9 moderata acidit\u00e0. Il suo sapore fruttato e \u201eminerale\u201d rimane a lungo in bocca.<span class=\"Apple-converted-space\">\u00a0<\/span><\/p>\n<p>Servire a 10-12\u00b0 C.<\/p>\n<p>Si consiglia l&#8217;abbinamento con cibi leggeri a base di pasta, pesce e pollo. <span class=\"Apple-converted-space\">\u00a0<\/span><\/p>\n","protected":false},"featured_media":3733,"template":"","meta":[],"product_brand":[],"product_cat":[93],"product_tag":[],"class_list":{"0":"post-3732","1":"product","2":"type-product","3":"status-publish","4":"has-post-thumbnail","6":"product_cat-webshop-it","7":"product_shipping_class-dostava-it","9":"first","10":"outofstock","11":"taxable","12":"shipping-taxable","13":"purchasable","14":"product-type-simple"},"yoast_head":"<!-- This site is optimized with the Yoast SEO plugin v27.5 - https:\/\/yoast.com\/product\/yoast-seo-wordpress\/ -->\n<title>Vino bianco da tavola Malvasia istriana - Karli<\/title>\n<meta name=\"robots\" content=\"index, follow, max-snippet:-1, max-image-preview:large, max-video-preview:-1\" \/>\n<link rel=\"canonical\" href=\"https:\/\/naturacamp-karli.com\/it\/proizvod\/vino-bianco-da-tavola-malvasia-istriana\/\" \/>\n<meta property=\"og:locale\" content=\"it_IT\" \/>\n<meta property=\"og:type\" content=\"article\" \/>\n<meta property=\"og:title\" content=\"Vino bianco da tavola Malvasia istriana - Karli\" \/>\n<meta property=\"og:description\" content=\"Vino secco con una bella sfumatura verde giallo. L&#039;aroma \u00e8 fine, piacevole, con un marcato carattere floreale fruttato nonch\u00e9 moderata acidit\u00e0. Il suo sapore fruttato e \u201eminerale\u201d rimane a lungo in bocca.\u00a0  Servire a 10-12\u00b0 C.  Si consiglia l&#039;abbinamento con cibi leggeri a base di pasta, pesce e pollo. \u00a0\" \/>\n<meta property=\"og:url\" content=\"https:\/\/naturacamp-karli.com\/it\/proizvod\/vino-bianco-da-tavola-malvasia-istriana\/\" \/>\n<meta property=\"og:site_name\" content=\"Karli\" \/>\n<meta property=\"article:modified_time\" content=\"2022-04-25T12:25:54+00:00\" \/>\n<meta property=\"og:image\" content=\"https:\/\/naturacamp-karli.com\/wp-content\/uploads\/2021\/06\/Malvazija_Karli_1.jpg\" \/>\n\t<meta property=\"og:image:width\" content=\"1500\" \/>\n\t<meta property=\"og:image:height\" content=\"1500\" \/>\n\t<meta property=\"og:image:type\" content=\"image\/jpeg\" \/>\n<meta name=\"twitter:card\" content=\"summary_large_image\" \/>\n<script type=\"application\/ld+json\" class=\"yoast-schema-graph\">{\"@context\":\"https:\\\/\\\/schema.org\",\"@graph\":[{\"@type\":\"WebPage\",\"@id\":\"https:\\\/\\\/naturacamp-karli.com\\\/it\\\/proizvod\\\/vino-bianco-da-tavola-malvasia-istriana\\\/\",\"url\":\"https:\\\/\\\/naturacamp-karli.com\\\/it\\\/proizvod\\\/vino-bianco-da-tavola-malvasia-istriana\\\/\",\"name\":\"Vino bianco da tavola Malvasia istriana - Karli\",\"isPartOf\":{\"@id\":\"https:\\\/\\\/naturacamp-karli.com\\\/en\\\/#website\"},\"primaryImageOfPage\":{\"@id\":\"https:\\\/\\\/naturacamp-karli.com\\\/it\\\/proizvod\\\/vino-bianco-da-tavola-malvasia-istriana\\\/#primaryimage\"},\"image\":{\"@id\":\"https:\\\/\\\/naturacamp-karli.com\\\/it\\\/proizvod\\\/vino-bianco-da-tavola-malvasia-istriana\\\/#primaryimage\"},\"thumbnailUrl\":\"https:\\\/\\\/naturacamp-karli.com\\\/wp-content\\\/uploads\\\/2021\\\/06\\\/Malvazija_Karli_1.jpg\",\"datePublished\":\"2021-06-19T15:09:16+00:00\",\"dateModified\":\"2022-04-25T12:25:54+00:00\",\"breadcrumb\":{\"@id\":\"https:\\\/\\\/naturacamp-karli.com\\\/it\\\/proizvod\\\/vino-bianco-da-tavola-malvasia-istriana\\\/#breadcrumb\"},\"inLanguage\":\"it-IT\",\"potentialAction\":[{\"@type\":\"ReadAction\",\"target\":[\"https:\\\/\\\/naturacamp-karli.com\\\/it\\\/proizvod\\\/vino-bianco-da-tavola-malvasia-istriana\\\/\"]}]},{\"@type\":\"ImageObject\",\"inLanguage\":\"it-IT\",\"@id\":\"https:\\\/\\\/naturacamp-karli.com\\\/it\\\/proizvod\\\/vino-bianco-da-tavola-malvasia-istriana\\\/#primaryimage\",\"url\":\"https:\\\/\\\/naturacamp-karli.com\\\/wp-content\\\/uploads\\\/2021\\\/06\\\/Malvazija_Karli_1.jpg\",\"contentUrl\":\"https:\\\/\\\/naturacamp-karli.com\\\/wp-content\\\/uploads\\\/2021\\\/06\\\/Malvazija_Karli_1.jpg\",\"width\":1500,\"height\":1500},{\"@type\":\"BreadcrumbList\",\"@id\":\"https:\\\/\\\/naturacamp-karli.com\\\/it\\\/proizvod\\\/vino-bianco-da-tavola-malvasia-istriana\\\/#breadcrumb\",\"itemListElement\":[{\"@type\":\"ListItem\",\"position\":1,\"name\":\"Home\",\"item\":\"https:\\\/\\\/naturacamp-karli.com\\\/it\\\/\"},{\"@type\":\"ListItem\",\"position\":2,\"name\":\"Negozio\",\"item\":\"https:\\\/\\\/naturacamp-karli.com\\\/it\\\/negozio\\\/\"},{\"@type\":\"ListItem\",\"position\":3,\"name\":\"Vino bianco da tavola Malvasia istriana\"}]},{\"@type\":\"WebSite\",\"@id\":\"https:\\\/\\\/naturacamp-karli.com\\\/en\\\/#website\",\"url\":\"https:\\\/\\\/naturacamp-karli.com\\\/en\\\/\",\"name\":\"Karli\",\"description\":\"Relaxing Camping Experience\",\"potentialAction\":[{\"@type\":\"SearchAction\",\"target\":{\"@type\":\"EntryPoint\",\"urlTemplate\":\"https:\\\/\\\/naturacamp-karli.com\\\/en\\\/?s={search_term_string}\"},\"query-input\":{\"@type\":\"PropertyValueSpecification\",\"valueRequired\":true,\"valueName\":\"search_term_string\"}}],\"inLanguage\":\"it-IT\"}]}<\/script>\n<!-- \/ Yoast SEO plugin. -->","yoast_head_json":{"title":"Vino bianco da tavola Malvasia istriana - Karli","robots":{"index":"index","follow":"follow","max-snippet":"max-snippet:-1","max-image-preview":"max-image-preview:large","max-video-preview":"max-video-preview:-1"},"canonical":"https:\/\/naturacamp-karli.com\/it\/proizvod\/vino-bianco-da-tavola-malvasia-istriana\/","og_locale":"it_IT","og_type":"article","og_title":"Vino bianco da tavola Malvasia istriana - Karli","og_description":"Vino secco con una bella sfumatura verde giallo. L'aroma \u00e8 fine, piacevole, con un marcato carattere floreale fruttato nonch\u00e9 moderata acidit\u00e0. Il suo sapore fruttato e \u201eminerale\u201d rimane a lungo in bocca.\u00a0  Servire a 10-12\u00b0 C.  Si consiglia l'abbinamento con cibi leggeri a base di pasta, pesce e pollo. \u00a0","og_url":"https:\/\/naturacamp-karli.com\/it\/proizvod\/vino-bianco-da-tavola-malvasia-istriana\/","og_site_name":"Karli","article_modified_time":"2022-04-25T12:25:54+00:00","og_image":[{"width":1500,"height":1500,"url":"https:\/\/naturacamp-karli.com\/wp-content\/uploads\/2021\/06\/Malvazija_Karli_1.jpg","type":"image\/jpeg"}],"twitter_card":"summary_large_image","schema":{"@context":"https:\/\/schema.org","@graph":[{"@type":"WebPage","@id":"https:\/\/naturacamp-karli.com\/it\/proizvod\/vino-bianco-da-tavola-malvasia-istriana\/","url":"https:\/\/naturacamp-karli.com\/it\/proizvod\/vino-bianco-da-tavola-malvasia-istriana\/","name":"Vino bianco da tavola Malvasia istriana - Karli","isPartOf":{"@id":"https:\/\/naturacamp-karli.com\/en\/#website"},"primaryImageOfPage":{"@id":"https:\/\/naturacamp-karli.com\/it\/proizvod\/vino-bianco-da-tavola-malvasia-istriana\/#primaryimage"},"image":{"@id":"https:\/\/naturacamp-karli.com\/it\/proizvod\/vino-bianco-da-tavola-malvasia-istriana\/#primaryimage"},"thumbnailUrl":"https:\/\/naturacamp-karli.com\/wp-content\/uploads\/2021\/06\/Malvazija_Karli_1.jpg","datePublished":"2021-06-19T15:09:16+00:00","dateModified":"2022-04-25T12:25:54+00:00","breadcrumb":{"@id":"https:\/\/naturacamp-karli.com\/it\/proizvod\/vino-bianco-da-tavola-malvasia-istriana\/#breadcrumb"},"inLanguage":"it-IT","potentialAction":[{"@type":"ReadAction","target":["https:\/\/naturacamp-karli.com\/it\/proizvod\/vino-bianco-da-tavola-malvasia-istriana\/"]}]},{"@type":"ImageObject","inLanguage":"it-IT","@id":"https:\/\/naturacamp-karli.com\/it\/proizvod\/vino-bianco-da-tavola-malvasia-istriana\/#primaryimage","url":"https:\/\/naturacamp-karli.com\/wp-content\/uploads\/2021\/06\/Malvazija_Karli_1.jpg","contentUrl":"https:\/\/naturacamp-karli.com\/wp-content\/uploads\/2021\/06\/Malvazija_Karli_1.jpg","width":1500,"height":1500},{"@type":"BreadcrumbList","@id":"https:\/\/naturacamp-karli.com\/it\/proizvod\/vino-bianco-da-tavola-malvasia-istriana\/#breadcrumb","itemListElement":[{"@type":"ListItem","position":1,"name":"Home","item":"https:\/\/naturacamp-karli.com\/it\/"},{"@type":"ListItem","position":2,"name":"Negozio","item":"https:\/\/naturacamp-karli.com\/it\/negozio\/"},{"@type":"ListItem","position":3,"name":"Vino bianco da tavola Malvasia istriana"}]},{"@type":"WebSite","@id":"https:\/\/naturacamp-karli.com\/en\/#website","url":"https:\/\/naturacamp-karli.com\/en\/","name":"Karli","description":"Relaxing Camping Experience","potentialAction":[{"@type":"SearchAction","target":{"@type":"EntryPoint","urlTemplate":"https:\/\/naturacamp-karli.com\/en\/?s={search_term_string}"},"query-input":{"@type":"PropertyValueSpecification","valueRequired":true,"valueName":"search_term_string"}}],"inLanguage":"it-IT"}]}},"_links":{"self":[{"href":"https:\/\/naturacamp-karli.com\/it\/wp-json\/wp\/v2\/product\/3732","targetHints":{"allow":["GET"]}}],"collection":[{"href":"https:\/\/naturacamp-karli.com\/it\/wp-json\/wp\/v2\/product"}],"about":[{"href":"https:\/\/naturacamp-karli.com\/it\/wp-json\/wp\/v2\/types\/product"}],"wp:featuredmedia":[{"embeddable":true,"href":"https:\/\/naturacamp-karli.com\/it\/wp-json\/wp\/v2\/media\/3733"}],"wp:attachment":[{"href":"https:\/\/naturacamp-karli.com\/it\/wp-json\/wp\/v2\/media?parent=3732"}],"wp:term":[{"taxonomy":"product_brand","embeddable":true,"href":"https:\/\/naturacamp-karli.com\/it\/wp-json\/wp\/v2\/product_brand?post=3732"},{"taxonomy":"product_cat","embeddable":true,"href":"https:\/\/naturacamp-karli.com\/it\/wp-json\/wp\/v2\/product_cat?post=3732"},{"taxonomy":"product_tag","embeddable":true,"href":"https:\/\/naturacamp-karli.com\/it\/wp-json\/wp\/v2\/product_tag?post=3732"}],"curies":[{"name":"wp","href":"https:\/\/api.w.org\/{rel}","templated":true}]}}