{"id":3185,"date":"2021-03-13T06:53:05","date_gmt":"2021-03-13T06:53:05","guid":{"rendered":"https:\/\/naturacamp-karli.com\/zastita-osobnih-podataka\/"},"modified":"2021-07-03T17:14:34","modified_gmt":"2021-07-03T17:14:34","slug":"personal-data-protection","status":"publish","type":"page","link":"https:\/\/naturacamp-karli.com\/en\/personal-data-protection\/","title":{"rendered":"Personal data protection"},"content":{"rendered":"<div class=\"fusion-fullwidth fullwidth-box fusion-builder-row-1 fusion-flex-container nonhundred-percent-fullwidth non-hundred-percent-height-scrolling\" style=\"--awb-border-radius-top-left:0px;--awb-border-radius-top-right:0px;--awb-border-radius-bottom-right:0px;--awb-border-radius-bottom-left:0px;--awb-padding-top:15px;--awb-flex-wrap:wrap;\" ><div class=\"fusion-builder-row fusion-row fusion-flex-align-items-flex-start fusion-flex-content-wrap\" style=\"max-width:1260px;margin-left: calc(-5% \/ 2 );margin-right: calc(-5% \/ 2 );\"><div class=\"fusion-layout-column fusion_builder_column fusion-builder-column-0 fusion_builder_column_1_5 1_5 fusion-flex-column\" style=\"--awb-bg-size:cover;--awb-width-large:20%;--awb-margin-top-large:0px;--awb-spacing-right-large:11.875%;--awb-margin-bottom-large:20px;--awb-spacing-left-large:11.875%;--awb-width-medium:20%;--awb-spacing-right-medium:11.875%;--awb-spacing-left-medium:11.875%;--awb-width-small:100%;--awb-spacing-right-small:2.375%;--awb-spacing-left-small:2.375%;\"><div class=\"fusion-column-wrapper fusion-flex-justify-content-flex-start fusion-content-layout-column\"><\/div><\/div><div class=\"fusion-layout-column fusion_builder_column fusion-builder-column-1 fusion_builder_column_3_5 3_5 fusion-flex-column\" style=\"--awb-bg-size:cover;--awb-width-large:60%;--awb-margin-top-large:0px;--awb-spacing-right-large:3.9583333333333%;--awb-margin-bottom-large:20px;--awb-spacing-left-large:3.9583333333333%;--awb-width-medium:60%;--awb-spacing-right-medium:3.9583333333333%;--awb-spacing-left-medium:3.9583333333333%;--awb-width-small:100%;--awb-spacing-right-small:2.375%;--awb-spacing-left-small:2.375%;\"><div class=\"fusion-column-wrapper fusion-flex-justify-content-flex-start fusion-content-layout-column\"><div class=\"fusion-separator fusion-no-large-visibility fusion-full-width-sep\" style=\"align-self: center;margin-left: auto;margin-right: auto;margin-top:120px;width:100%;\"><\/div>\n<div class=\"fusion-text fusion-text-1\" style=\"--awb-font-size:13px;\"><p style=\"text-align: justify;\">Personal data protection on the webiste www.naturacamp-karli.com.<\/p>\n<p style=\"text-align: justify;\"><strong>Data collected on our website<\/strong><br \/>\nAccess to the www.naturacamp-karli.com website is free, and registration is not required. When you contact us through the contact form or by e-mail, you enter your data (name and surname, e-mail, telephone, address, country, city; the message text, you provide some information about yourself). The said information is only available to the employees of Natura Camp Karli in charge of dealing with your request. The provision of your personal data is voluntary. We do not process more data than necessary to answer your inquiry.<\/p>\n<p style=\"text-align: left;\"><strong>Protecting your personal data<\/strong><br \/>\nNatura Camp Karli respects your privacy and processes your personal information in conformity with all personal data protection laws. For your protection, we use all necessary technical, organisational and personnel measures and procedures of personal data protection to prevent unauthorised use of personal data.<\/p>\n<p style=\"text-align: justify;\"><strong>Electronic messages<\/strong><br \/>\nWhen you send us electronic mail (e-mail) with your personal data that enable your identification, regardless of whether it is electronic mail with a question or a contact form located on the www.naturacamp-karli.com website delivered to us by electronic mail, we use the said data solely for purposes of fulfilling your requests. We do not process your personal data for marketing purposes. They are deleted from our mail programme at the end of the calendar year, except if you have not become our clients, in which case your data is entered into our client database for purposes of issuing an invoice for services provided and guest registration at E-visitor and the Ministry of the Interior of the Republic of Croatia.<\/p>\n<p style=\"text-align: justify;\"><strong>Cancellation and your access to personal data<\/strong><br \/>\nYour personal data you made available to us will be kept only during the period of time sufficient to fulfil the initial purpose of its collection. You are authorised at all times to request a notification about which of your personal data we have in our database and to request to change all or some of the personal data (the right to correction) or cancel it (the right to erasure). This is performed by contacting us at <a href=\"mailto:naturacamp-karli@gmail.com\">naturacamp-karli@gmail.com<\/a>\u00a0and delivering the notification with your request. If you make some of these requests, we shall make all reasonable efforts to confirm your identity and prevent all unauthorised access to your personal data.<\/p>\n<p style=\"text-align: justify;\"><strong>Delivering personal data to other recipients<\/strong><br \/>\nWe do not deliver your personal data to other recipients. On our site, you can be offered the use of social networking sites (Facebook, Instagram) via a link, and other services like Google Map, YouTube which enable personal data sharing. Privacy protection rules on these portals may differ from Privacy Protection Rules of the www.naturacamp-karli.com website.<\/p>\n<p style=\"text-align: justify;\"><strong>Server stats and Google Analytics<\/strong><br \/>\nThe www.naturacamp-karli.com website is a user of Google Analytics services offered by the company Google LLC (www.google.com) for purposes of measuring website traffic. Google Analytics uses cookies \u2013 small text files automatically downloaded to the hard disc of the user\u2019s computer aimed at monitoring website traffic. The data collected and privacy terms and conditions of this service are published at https:\/\/www.google.com\/intl\/en\/analytics\/privacyoverview.html. You can reject the use of cookies by choosing certain settings on your browser, noting that it can affect full functionality of the Page. Using the Page, you grant your permission to process your data by Google in the aforementioned manner. The www.naturacamp-karli.com website is a user of services provided by social networking sites (Facebook, Instagram). Please read the Privacy Protection Rules used on other websites and social networking sites.<\/p>\n<p style=\"text-align: justify;\"><strong>Protection measures<\/strong><br \/>\nNatura Camp Karli is a user of technological and safety measures, rules and other procedures aimed at protecting personal data of the user of this Page against unauthorised access, misuse, disclosure, loss or destruction. In order to secure protection of the confidentiality of data of website users, Natura Camp Karli uses standard industrial measures of protection, e.g. firewall and password protection. The user is obliged to make sure that the computer s\/he is using is safe and protected, aware that without adequate security measures (e.g. safe configuration of Internet browser, updated antivirus programmes, personal firewall programmes, declining the use of programmes from suspicious sources) there is the risk that the data and the passwords s\/he is using to prevent access to personal data can be disclosed to unauthorized third persons, in which case Natura Camp Karli does not assume responsibility.<\/p>\n<p style=\"text-align: justify;\"><strong>Protection of minors<\/strong><br \/>\nThis Page is intended for adults. Natura Camp Karli does not collect personal data about minors (defined as persons under the age of 18) without prior verifiable consent of his\/her legal representative. In other words, legal representative is entitled, at his\/her personal request, to review the data that the minor has provided and\/or to request the cancellation of the said data.<\/p>\n<p style=\"text-align: justify;\"><strong>Disclaimer<\/strong><br \/>\nAlthough we are taking all available technical, organisational and personnel measures aimed at preventing unauthorised disclosure of your personal data, we cannot guarantee that some of the personal data we are collecting will never be disclosed accidentally, contrary to the provisions set forth herein. To the maximum extent permitted by law, we exclude the liability for damage inflicted to users or third persons by accidental disclosure of personal data.<\/p>\n<p style=\"text-align: left;\"><strong>Server stats and Google Analytics<\/strong><br \/>\nThis website uses Google Analytics to measure traffic statistics.<\/p>\n<p style=\"text-align: left;\"><strong>Data protection officer<\/strong><\/p>\n<p style=\"text-align: left;\">Natura Camp Karli<br \/>\nKran\u010di\u0107i bb, 52464 Ka\u0161telir, Hrvatska<br \/>\nTelefon: +385 98 577 896<br \/>\nE.mail: <a href=\"mailto:naturacamp-karli@gmail.com\">naturacamp-karli@gmail.com<\/a><\/p>\n<p style=\"text-align: left;\">Using the site www.naturacamp-karli.com the user consents to the handling of personal data in the above manner.<\/p>\n<\/div><\/div><\/div><div class=\"fusion-layout-column fusion_builder_column fusion-builder-column-2 fusion_builder_column_1_5 1_5 fusion-flex-column\" style=\"--awb-bg-size:cover;--awb-width-large:20%;--awb-margin-top-large:0px;--awb-spacing-right-large:11.875%;--awb-margin-bottom-large:20px;--awb-spacing-left-large:11.875%;--awb-width-medium:20%;--awb-spacing-right-medium:11.875%;--awb-spacing-left-medium:11.875%;--awb-width-small:100%;--awb-spacing-right-small:2.375%;--awb-spacing-left-small:2.375%;\"><div class=\"fusion-column-wrapper fusion-flex-justify-content-flex-start fusion-content-layout-column\"><\/div><\/div><\/div><\/div>\n","protected":false},"excerpt":{"rendered":"","protected":false},"author":1,"featured_media":0,"parent":0,"menu_order":0,"comment_status":"closed","ping_status":"open","template":"","meta":{"footnotes":""},"class_list":["post-3185","page","type-page","status-publish","hentry"],"yoast_head":"<!-- This site is optimized with the Yoast SEO plugin v27.5 - https:\/\/yoast.com\/product\/yoast-seo-wordpress\/ -->\n<title>Personal data protection - Karli<\/title>\n<meta name=\"robots\" content=\"index, follow, max-snippet:-1, max-image-preview:large, max-video-preview:-1\" \/>\n<link rel=\"canonical\" href=\"https:\/\/naturacamp-karli.com\/en\/personal-data-protection\/\" \/>\n<meta property=\"og:locale\" content=\"en_US\" \/>\n<meta property=\"og:type\" content=\"article\" \/>\n<meta property=\"og:title\" content=\"Personal data protection - Karli\" \/>\n<meta property=\"og:url\" content=\"https:\/\/naturacamp-karli.com\/en\/personal-data-protection\/\" \/>\n<meta property=\"og:site_name\" content=\"Karli\" \/>\n<meta property=\"article:modified_time\" content=\"2021-07-03T17:14:34+00:00\" \/>\n<meta name=\"twitter:card\" content=\"summary_large_image\" \/>\n<meta name=\"twitter:label1\" content=\"Est. reading time\" \/>\n\t<meta name=\"twitter:data1\" content=\"6 minutes\" \/>\n<script type=\"application\/ld+json\" class=\"yoast-schema-graph\">{\"@context\":\"https:\\\/\\\/schema.org\",\"@graph\":[{\"@type\":\"WebPage\",\"@id\":\"https:\\\/\\\/naturacamp-karli.com\\\/en\\\/personal-data-protection\\\/\",\"url\":\"https:\\\/\\\/naturacamp-karli.com\\\/en\\\/personal-data-protection\\\/\",\"name\":\"Personal data protection - Karli\",\"isPartOf\":{\"@id\":\"https:\\\/\\\/naturacamp-karli.com\\\/en\\\/#website\"},\"datePublished\":\"2021-03-13T06:53:05+00:00\",\"dateModified\":\"2021-07-03T17:14:34+00:00\",\"breadcrumb\":{\"@id\":\"https:\\\/\\\/naturacamp-karli.com\\\/en\\\/personal-data-protection\\\/#breadcrumb\"},\"inLanguage\":\"en-US\",\"potentialAction\":[{\"@type\":\"ReadAction\",\"target\":[\"https:\\\/\\\/naturacamp-karli.com\\\/en\\\/personal-data-protection\\\/\"]}]},{\"@type\":\"BreadcrumbList\",\"@id\":\"https:\\\/\\\/naturacamp-karli.com\\\/en\\\/personal-data-protection\\\/#breadcrumb\",\"itemListElement\":[{\"@type\":\"ListItem\",\"position\":1,\"name\":\"Home\",\"item\":\"https:\\\/\\\/naturacamp-karli.com\\\/en\\\/\"},{\"@type\":\"ListItem\",\"position\":2,\"name\":\"Personal data protection\"}]},{\"@type\":\"WebSite\",\"@id\":\"https:\\\/\\\/naturacamp-karli.com\\\/en\\\/#website\",\"url\":\"https:\\\/\\\/naturacamp-karli.com\\\/en\\\/\",\"name\":\"Karli\",\"description\":\"Relaxing Camping Experience\",\"potentialAction\":[{\"@type\":\"SearchAction\",\"target\":{\"@type\":\"EntryPoint\",\"urlTemplate\":\"https:\\\/\\\/naturacamp-karli.com\\\/en\\\/?s={search_term_string}\"},\"query-input\":{\"@type\":\"PropertyValueSpecification\",\"valueRequired\":true,\"valueName\":\"search_term_string\"}}],\"inLanguage\":\"en-US\"}]}<\/script>\n<!-- \/ Yoast SEO plugin. -->","yoast_head_json":{"title":"Personal data protection - Karli","robots":{"index":"index","follow":"follow","max-snippet":"max-snippet:-1","max-image-preview":"max-image-preview:large","max-video-preview":"max-video-preview:-1"},"canonical":"https:\/\/naturacamp-karli.com\/en\/personal-data-protection\/","og_locale":"en_US","og_type":"article","og_title":"Personal data protection - Karli","og_url":"https:\/\/naturacamp-karli.com\/en\/personal-data-protection\/","og_site_name":"Karli","article_modified_time":"2021-07-03T17:14:34+00:00","twitter_card":"summary_large_image","twitter_misc":{"Est. reading time":"6 minutes"},"schema":{"@context":"https:\/\/schema.org","@graph":[{"@type":"WebPage","@id":"https:\/\/naturacamp-karli.com\/en\/personal-data-protection\/","url":"https:\/\/naturacamp-karli.com\/en\/personal-data-protection\/","name":"Personal data protection - Karli","isPartOf":{"@id":"https:\/\/naturacamp-karli.com\/en\/#website"},"datePublished":"2021-03-13T06:53:05+00:00","dateModified":"2021-07-03T17:14:34+00:00","breadcrumb":{"@id":"https:\/\/naturacamp-karli.com\/en\/personal-data-protection\/#breadcrumb"},"inLanguage":"en-US","potentialAction":[{"@type":"ReadAction","target":["https:\/\/naturacamp-karli.com\/en\/personal-data-protection\/"]}]},{"@type":"BreadcrumbList","@id":"https:\/\/naturacamp-karli.com\/en\/personal-data-protection\/#breadcrumb","itemListElement":[{"@type":"ListItem","position":1,"name":"Home","item":"https:\/\/naturacamp-karli.com\/en\/"},{"@type":"ListItem","position":2,"name":"Personal data protection"}]},{"@type":"WebSite","@id":"https:\/\/naturacamp-karli.com\/en\/#website","url":"https:\/\/naturacamp-karli.com\/en\/","name":"Karli","description":"Relaxing Camping Experience","potentialAction":[{"@type":"SearchAction","target":{"@type":"EntryPoint","urlTemplate":"https:\/\/naturacamp-karli.com\/en\/?s={search_term_string}"},"query-input":{"@type":"PropertyValueSpecification","valueRequired":true,"valueName":"search_term_string"}}],"inLanguage":"en-US"}]}},"_links":{"self":[{"href":"https:\/\/naturacamp-karli.com\/en\/wp-json\/wp\/v2\/pages\/3185","targetHints":{"allow":["GET"]}}],"collection":[{"href":"https:\/\/naturacamp-karli.com\/en\/wp-json\/wp\/v2\/pages"}],"about":[{"href":"https:\/\/naturacamp-karli.com\/en\/wp-json\/wp\/v2\/types\/page"}],"author":[{"embeddable":true,"href":"https:\/\/naturacamp-karli.com\/en\/wp-json\/wp\/v2\/users\/1"}],"replies":[{"embeddable":true,"href":"https:\/\/naturacamp-karli.com\/en\/wp-json\/wp\/v2\/comments?post=3185"}],"version-history":[{"count":2,"href":"https:\/\/naturacamp-karli.com\/en\/wp-json\/wp\/v2\/pages\/3185\/revisions"}],"predecessor-version":[{"id":3187,"href":"https:\/\/naturacamp-karli.com\/en\/wp-json\/wp\/v2\/pages\/3185\/revisions\/3187"}],"wp:attachment":[{"href":"https:\/\/naturacamp-karli.com\/en\/wp-json\/wp\/v2\/media?parent=3185"}],"curies":[{"name":"wp","href":"https:\/\/api.w.org\/{rel}","templated":true}]}}