{"id":2775,"date":"2021-06-19T15:21:25","date_gmt":"2021-06-19T15:21:25","guid":{"rendered":"https:\/\/naturacamp-karli.com\/?post_type=product&#038;p=2775"},"modified":"2024-06-07T07:19:02","modified_gmt":"2024-06-07T07:19:02","slug":"med-livada","status":"publish","type":"product","link":"https:\/\/naturacamp-karli.com\/de\/proizvod\/med-livada\/","title":{"rendered":"Med &#8211; Livada Bagrem"},"content":{"rendered":"","protected":false},"excerpt":{"rendered":"<div>\n<p style=\"text-align: justify;\"><span lang=\"HR\">Mje\u0161ani med bagrema i livade izuzetno je lagan i ukusan, izrazito svijetle boje i blagog mirisa. Zbog svojih karakteristika ubraja se u najcjenjenije vrste meda. U svom sastavu sadr\u017ei vi\u0161e <\/span><span lang=\"HR\"><a href=\"https:\/\/www.krenizdravo.rtl.hr\/tag\/fruktoza\">fruktoze<\/a><\/span><span lang=\"HR\"> od <\/span><span lang=\"HR\"><a href=\"https:\/\/www.krenizdravo.rtl.hr\/tag\/glukoza\">glukoze<\/a><\/span><span lang=\"HR\">, stoga se sporo kristalizira i mjesecima ostaje u teku\u0107em stanju.Med poma\u017ee kod nesanice i umiruje previ\u0161e nadra\u017eeni \u017eiv\u010dani sustav. Otklanja posljedice nagomilanog stresa. Odli\u010dan za di\u0161ne puteve i protiv ka\u0161lja, Med od bagrema i livade je vrlo cjenjen kod bronhitisa i jedan je od najkori\u0161tenijih vrsta meda kod nas.<\/span><\/p>\n<\/div>\n","protected":false},"featured_media":2809,"template":"","meta":[],"product_brand":[],"product_cat":[46],"product_tag":[],"class_list":{"0":"post-2775","1":"product","2":"type-product","3":"status-publish","4":"has-post-thumbnail","6":"product_cat-webshop-vino","7":"product_shipping_class-dostava","9":"first","10":"outofstock","11":"taxable","12":"shipping-taxable","13":"purchasable","14":"product-type-variable"},"yoast_head":"<!-- This site is optimized with the Yoast SEO plugin v27.3 - https:\/\/yoast.com\/product\/yoast-seo-wordpress\/ -->\n<title>Med - Livada Bagrem - Karli<\/title>\n<meta name=\"robots\" content=\"index, follow, max-snippet:-1, max-image-preview:large, max-video-preview:-1\" \/>\n<link rel=\"canonical\" href=\"https:\/\/naturacamp-karli.com\/proizvod\/med-livada\/\" \/>\n<meta property=\"og:locale\" content=\"de_DE\" \/>\n<meta property=\"og:type\" content=\"article\" \/>\n<meta property=\"og:title\" content=\"Med - Livada Bagrem - Karli\" \/>\n<meta property=\"og:description\" content=\"Mje\u0161ani med bagrema i livade izuzetno je lagan i ukusan, izrazito svijetle boje i blagog mirisa. Zbog svojih karakteristika ubraja se u najcjenjenije vrste meda. U svom sastavu sadr\u017ei vi\u0161e fruktoze od glukoze, stoga se sporo kristalizira i mjesecima ostaje u teku\u0107em stanju.Med poma\u017ee kod nesanice i umiruje previ\u0161e nadra\u017eeni \u017eiv\u010dani sustav. Otklanja posljedice nagomilanog stresa. Odli\u010dan za di\u0161ne puteve i protiv ka\u0161lja, Med od bagrema i livade je vrlo cjenjen kod bronhitisa i jedan je od najkori\u0161tenijih vrsta meda kod nas.\" \/>\n<meta property=\"og:url\" content=\"https:\/\/naturacamp-karli.com\/proizvod\/med-livada\/\" \/>\n<meta property=\"og:site_name\" content=\"Karli\" \/>\n<meta property=\"article:modified_time\" content=\"2024-06-07T07:19:02+00:00\" \/>\n<meta property=\"og:image\" content=\"https:\/\/naturacamp-karli.com\/wp-content\/uploads\/2021\/06\/Bagremov_med_Karli.jpg\" \/>\n\t<meta property=\"og:image:width\" content=\"1500\" \/>\n\t<meta property=\"og:image:height\" content=\"1500\" \/>\n\t<meta property=\"og:image:type\" content=\"image\/jpeg\" \/>\n<meta name=\"twitter:card\" content=\"summary_large_image\" \/>\n<script type=\"application\/ld+json\" class=\"yoast-schema-graph\">{\"@context\":\"https:\\\/\\\/schema.org\",\"@graph\":[{\"@type\":\"WebPage\",\"@id\":\"https:\\\/\\\/naturacamp-karli.com\\\/proizvod\\\/med-livada\\\/\",\"url\":\"https:\\\/\\\/naturacamp-karli.com\\\/proizvod\\\/med-livada\\\/\",\"name\":\"Med - Livada Bagrem - Karli\",\"isPartOf\":{\"@id\":\"https:\\\/\\\/naturacamp-karli.com\\\/en\\\/#website\"},\"primaryImageOfPage\":{\"@id\":\"https:\\\/\\\/naturacamp-karli.com\\\/proizvod\\\/med-livada\\\/#primaryimage\"},\"image\":{\"@id\":\"https:\\\/\\\/naturacamp-karli.com\\\/proizvod\\\/med-livada\\\/#primaryimage\"},\"thumbnailUrl\":\"https:\\\/\\\/naturacamp-karli.com\\\/wp-content\\\/uploads\\\/2021\\\/06\\\/Bagremov_med_Karli.jpg\",\"datePublished\":\"2021-06-19T15:21:25+00:00\",\"dateModified\":\"2024-06-07T07:19:02+00:00\",\"breadcrumb\":{\"@id\":\"https:\\\/\\\/naturacamp-karli.com\\\/proizvod\\\/med-livada\\\/#breadcrumb\"},\"inLanguage\":\"de\",\"potentialAction\":[{\"@type\":\"ReadAction\",\"target\":[\"https:\\\/\\\/naturacamp-karli.com\\\/proizvod\\\/med-livada\\\/\"]}]},{\"@type\":\"ImageObject\",\"inLanguage\":\"de\",\"@id\":\"https:\\\/\\\/naturacamp-karli.com\\\/proizvod\\\/med-livada\\\/#primaryimage\",\"url\":\"https:\\\/\\\/naturacamp-karli.com\\\/wp-content\\\/uploads\\\/2021\\\/06\\\/Bagremov_med_Karli.jpg\",\"contentUrl\":\"https:\\\/\\\/naturacamp-karli.com\\\/wp-content\\\/uploads\\\/2021\\\/06\\\/Bagremov_med_Karli.jpg\",\"width\":1500,\"height\":1500,\"caption\":\"Bagremov med Karli\"},{\"@type\":\"BreadcrumbList\",\"@id\":\"https:\\\/\\\/naturacamp-karli.com\\\/proizvod\\\/med-livada\\\/#breadcrumb\",\"itemListElement\":[{\"@type\":\"ListItem\",\"position\":1,\"name\":\"Home\",\"item\":\"https:\\\/\\\/naturacamp-karli.com\\\/de\\\/\"},{\"@type\":\"ListItem\",\"position\":2,\"name\":\"der Markt\",\"item\":\"https:\\\/\\\/naturacamp-karli.com\\\/de\\\/der-markt\\\/\"},{\"@type\":\"ListItem\",\"position\":3,\"name\":\"Med &#8211; Livada Bagrem\"}]},{\"@type\":\"WebSite\",\"@id\":\"https:\\\/\\\/naturacamp-karli.com\\\/en\\\/#website\",\"url\":\"https:\\\/\\\/naturacamp-karli.com\\\/en\\\/\",\"name\":\"Karli\",\"description\":\"Relaxing Camping Experience\",\"potentialAction\":[{\"@type\":\"SearchAction\",\"target\":{\"@type\":\"EntryPoint\",\"urlTemplate\":\"https:\\\/\\\/naturacamp-karli.com\\\/en\\\/?s={search_term_string}\"},\"query-input\":{\"@type\":\"PropertyValueSpecification\",\"valueRequired\":true,\"valueName\":\"search_term_string\"}}],\"inLanguage\":\"de\"}]}<\/script>\n<!-- \/ Yoast SEO plugin. -->","yoast_head_json":{"title":"Med - Livada Bagrem - Karli","robots":{"index":"index","follow":"follow","max-snippet":"max-snippet:-1","max-image-preview":"max-image-preview:large","max-video-preview":"max-video-preview:-1"},"canonical":"https:\/\/naturacamp-karli.com\/proizvod\/med-livada\/","og_locale":"de_DE","og_type":"article","og_title":"Med - Livada Bagrem - Karli","og_description":"Mje\u0161ani med bagrema i livade izuzetno je lagan i ukusan, izrazito svijetle boje i blagog mirisa. Zbog svojih karakteristika ubraja se u najcjenjenije vrste meda. U svom sastavu sadr\u017ei vi\u0161e fruktoze od glukoze, stoga se sporo kristalizira i mjesecima ostaje u teku\u0107em stanju.Med poma\u017ee kod nesanice i umiruje previ\u0161e nadra\u017eeni \u017eiv\u010dani sustav. Otklanja posljedice nagomilanog stresa. Odli\u010dan za di\u0161ne puteve i protiv ka\u0161lja, Med od bagrema i livade je vrlo cjenjen kod bronhitisa i jedan je od najkori\u0161tenijih vrsta meda kod nas.","og_url":"https:\/\/naturacamp-karli.com\/proizvod\/med-livada\/","og_site_name":"Karli","article_modified_time":"2024-06-07T07:19:02+00:00","og_image":[{"width":1500,"height":1500,"url":"https:\/\/naturacamp-karli.com\/wp-content\/uploads\/2021\/06\/Bagremov_med_Karli.jpg","type":"image\/jpeg"}],"twitter_card":"summary_large_image","schema":{"@context":"https:\/\/schema.org","@graph":[{"@type":"WebPage","@id":"https:\/\/naturacamp-karli.com\/proizvod\/med-livada\/","url":"https:\/\/naturacamp-karli.com\/proizvod\/med-livada\/","name":"Med - Livada Bagrem - Karli","isPartOf":{"@id":"https:\/\/naturacamp-karli.com\/en\/#website"},"primaryImageOfPage":{"@id":"https:\/\/naturacamp-karli.com\/proizvod\/med-livada\/#primaryimage"},"image":{"@id":"https:\/\/naturacamp-karli.com\/proizvod\/med-livada\/#primaryimage"},"thumbnailUrl":"https:\/\/naturacamp-karli.com\/wp-content\/uploads\/2021\/06\/Bagremov_med_Karli.jpg","datePublished":"2021-06-19T15:21:25+00:00","dateModified":"2024-06-07T07:19:02+00:00","breadcrumb":{"@id":"https:\/\/naturacamp-karli.com\/proizvod\/med-livada\/#breadcrumb"},"inLanguage":"de","potentialAction":[{"@type":"ReadAction","target":["https:\/\/naturacamp-karli.com\/proizvod\/med-livada\/"]}]},{"@type":"ImageObject","inLanguage":"de","@id":"https:\/\/naturacamp-karli.com\/proizvod\/med-livada\/#primaryimage","url":"https:\/\/naturacamp-karli.com\/wp-content\/uploads\/2021\/06\/Bagremov_med_Karli.jpg","contentUrl":"https:\/\/naturacamp-karli.com\/wp-content\/uploads\/2021\/06\/Bagremov_med_Karli.jpg","width":1500,"height":1500,"caption":"Bagremov med Karli"},{"@type":"BreadcrumbList","@id":"https:\/\/naturacamp-karli.com\/proizvod\/med-livada\/#breadcrumb","itemListElement":[{"@type":"ListItem","position":1,"name":"Home","item":"https:\/\/naturacamp-karli.com\/de\/"},{"@type":"ListItem","position":2,"name":"der Markt","item":"https:\/\/naturacamp-karli.com\/de\/der-markt\/"},{"@type":"ListItem","position":3,"name":"Med &#8211; Livada Bagrem"}]},{"@type":"WebSite","@id":"https:\/\/naturacamp-karli.com\/en\/#website","url":"https:\/\/naturacamp-karli.com\/en\/","name":"Karli","description":"Relaxing Camping Experience","potentialAction":[{"@type":"SearchAction","target":{"@type":"EntryPoint","urlTemplate":"https:\/\/naturacamp-karli.com\/en\/?s={search_term_string}"},"query-input":{"@type":"PropertyValueSpecification","valueRequired":true,"valueName":"search_term_string"}}],"inLanguage":"de"}]}},"_links":{"self":[{"href":"https:\/\/naturacamp-karli.com\/de\/wp-json\/wp\/v2\/product\/2775","targetHints":{"allow":["GET"]}}],"collection":[{"href":"https:\/\/naturacamp-karli.com\/de\/wp-json\/wp\/v2\/product"}],"about":[{"href":"https:\/\/naturacamp-karli.com\/de\/wp-json\/wp\/v2\/types\/product"}],"wp:featuredmedia":[{"embeddable":true,"href":"https:\/\/naturacamp-karli.com\/de\/wp-json\/wp\/v2\/media\/2809"}],"wp:attachment":[{"href":"https:\/\/naturacamp-karli.com\/de\/wp-json\/wp\/v2\/media?parent=2775"}],"wp:term":[{"taxonomy":"product_brand","embeddable":true,"href":"https:\/\/naturacamp-karli.com\/de\/wp-json\/wp\/v2\/product_brand?post=2775"},{"taxonomy":"product_cat","embeddable":true,"href":"https:\/\/naturacamp-karli.com\/de\/wp-json\/wp\/v2\/product_cat?post=2775"},{"taxonomy":"product_tag","embeddable":true,"href":"https:\/\/naturacamp-karli.com\/de\/wp-json\/wp\/v2\/product_tag?post=2775"}],"curies":[{"name":"wp","href":"https:\/\/api.w.org\/{rel}","templated":true}]}}