{"id":3357,"date":"2021-03-13T06:53:05","date_gmt":"2021-03-13T06:53:05","guid":{"rendered":"https:\/\/naturacamp-karli.com\/zastita-osobnih-podataka\/"},"modified":"2021-07-10T13:59:59","modified_gmt":"2021-07-10T13:59:59","slug":"schutz-der-persoenlichen-daten","status":"publish","type":"page","link":"https:\/\/naturacamp-karli.com\/de\/schutz-der-persoenlichen-daten\/","title":{"rendered":"Schutz der pers\u00f6nlichen Daten"},"content":{"rendered":"<div class=\"fusion-fullwidth fullwidth-box fusion-builder-row-1 fusion-flex-container nonhundred-percent-fullwidth non-hundred-percent-height-scrolling\" style=\"--awb-border-radius-top-left:0px;--awb-border-radius-top-right:0px;--awb-border-radius-bottom-right:0px;--awb-border-radius-bottom-left:0px;--awb-padding-top:15px;--awb-flex-wrap:wrap;\" ><div class=\"fusion-builder-row fusion-row fusion-flex-align-items-flex-start fusion-flex-content-wrap\" style=\"max-width:1260px;margin-left: calc(-5% \/ 2 );margin-right: calc(-5% \/ 2 );\"><div class=\"fusion-layout-column fusion_builder_column fusion-builder-column-0 fusion_builder_column_1_5 1_5 fusion-flex-column\" style=\"--awb-bg-size:cover;--awb-width-large:20%;--awb-margin-top-large:0px;--awb-spacing-right-large:11.875%;--awb-margin-bottom-large:20px;--awb-spacing-left-large:11.875%;--awb-width-medium:20%;--awb-spacing-right-medium:11.875%;--awb-spacing-left-medium:11.875%;--awb-width-small:100%;--awb-spacing-right-small:2.375%;--awb-spacing-left-small:2.375%;\"><div class=\"fusion-column-wrapper fusion-flex-justify-content-flex-start fusion-content-layout-column\"><\/div><\/div><div class=\"fusion-layout-column fusion_builder_column fusion-builder-column-1 fusion_builder_column_3_5 3_5 fusion-flex-column\" style=\"--awb-bg-size:cover;--awb-width-large:60%;--awb-margin-top-large:0px;--awb-spacing-right-large:3.9583333333333%;--awb-margin-bottom-large:20px;--awb-spacing-left-large:3.9583333333333%;--awb-width-medium:60%;--awb-spacing-right-medium:3.9583333333333%;--awb-spacing-left-medium:3.9583333333333%;--awb-width-small:100%;--awb-spacing-right-small:2.375%;--awb-spacing-left-small:2.375%;\"><div class=\"fusion-column-wrapper fusion-flex-justify-content-flex-start fusion-content-layout-column\"><div class=\"fusion-separator fusion-no-large-visibility fusion-full-width-sep\" style=\"align-self: center;margin-left: auto;margin-right: auto;margin-top:120px;width:100%;\"><\/div>\n<div class=\"fusion-text fusion-text-1\" style=\"--awb-font-size:13px;\"><p style=\"text-align: justify;\">Schutz personenbezogener Daten auf der Website www.naturacamp-karli.com.<\/p>\n<p style=\"text-align: justify;\"><strong>Die Daten, die wir auf unseren Seiten sammeln<\/strong><br \/>\nDurch Kontaktaufnahme mit dem Kontaktformular oder per E-Mail f\u00fcllen Sie Ihre personenbezogenen Daten aus (Name, Nachname, E-Mail, Telefon, Adresse, Land, Stadt; und im Text der Nachricht geben Sie manche Daten \u00fcber sich). Diese Daten stehen nur den Mitarbeitern von Natura Camp Karli zur Verf\u00fcgung, die sich mit Ihren Anfragen besch\u00e4ftigen. Die Zustellung Ihrer personenbezogenen Daten ist freiwillig. Wir verarbeiten nur die personenbezogenen Daten, die wir wirklich ben\u00f6tigen, um Ihre Anfrage zu beantworten.<\/p>\n<p style=\"text-align: left;\"><strong>Schutz Ihrer personenbezogenen Daten<\/strong><br \/>\nNatura Camp Karli respektiert Ihre Privatsph\u00e4re und verarbeitet Ihre personenbezogenen Daten in \u00dcbereinstimmung mit allen Datenschutzgesetzen. F\u00fcr den Datenschutz verwenden wir die angemessenen technischen, organisatorischen und personalbezogenen Schutzma\u00dfnahmen f\u00fcr die personenbezogenen Daten und Verfahren, um personenbezogene Daten vor dem unbefugten Zugriff Dritter zu sch\u00fctzen.<\/p>\n<p style=\"text-align: justify;\"><strong>Nachrichten in elektronischem Format<\/strong><br \/>\nKad nam \u0161aljete elektroni\u010dku po\u0161tu (e-mail) s va\u0161im osobnim podacima po kojima vas je mogu\u0107e identificirati, bez obzira na to radi li se o elektroni\u010dkoj po\u0161ti s pitanjem ili to \u010dinite putem kontakt obrazaca koji se nalaze na web stranici www.naturacamp-karli.com, a koji nam dostavljate elektroni\u010dkom po\u0161tom, mi te podatke koristimo samo u svrhu ispunjenja va\u0161ih upita. Osobne podatke ne obra\u0111ujemo u marketin\u0161ke svrhe te se zavr\u0161etkom kalendarske godine bri\u0161u iz na\u0161eg mail programa osim ako niste postali na\u0161 klijent te se tada upi\u0161u u bazu klijenta radi ispostavljanja fakture za dogovorenu uslugu.<\/p>\n<p style=\"text-align: justify;\"><strong>L\u00f6schen und Ihr Zutritt auf Ihre personenbezogene Daten<\/strong><br \/>\nIhre personenbezogenen Daten, die Sie uns zur Verf\u00fcgung gestellt haben, werden nur f\u00fcr einen Zeitraum aufbewahrt, der gen\u00fcgt, den Initialzweck ihrer Anschaffung zu erf\u00fcllen. Sie sind jederzeit berechtigt, Informationen dar\u00fcber anzufordern, welche personenbezogenen Daten wir in unserer Datenbank haben und zu verlangen, dass alle oder einige personenbezogenen Daten ge\u00e4ndert (Recht auf Korrektur) oder gel\u00f6scht werden (Recht auf Vergessen). Sie werden dies tun, indem Sie naturacamp-karli@gmail.com kontaktieren und eine Benachrichtigung mit Ihrer Anfrage senden. Wenn Sie einen solchen Antrag stellen, werden wir angemessene Anstrengungen unternehmen, um Ihre Identit\u00e4t zu best\u00e4tigen und den unbefugten Zugriff auf Ihre personenbezogenen Daten zu verhindern.<\/p>\n<p style=\"text-align: justify;\"><strong>Zustellung von personenbezogenen Daten an andere Empf\u00e4nger<\/strong><br \/>\nWir geben Ihre personenbezogenen Daten nicht an andere Empf\u00e4nger weiter. Auf unserer Webseite k\u00f6nnen wir Ihnen auch die Nutzung von sozialen Netzwerken (Facebook, Instagram) \u00fcber einen Link und andere Dienste, wie z.B Google Map, Youtube anbieten, die die Teilung der personenbezogenen Daten erm\u00f6glichen. Die Datenschutzrichtlinien f\u00fcr diese Portale k\u00f6nnen anders als Datenschutzrichtlinie von der Webseite www.naturacamp-karli.com festgelegt werden.<\/p>\n<p style=\"text-align: justify;\"><strong>Serverstatistiken und Google Analyse<\/strong><br \/>\nDie Website www.naturacamp-karli.com nutzt die Dienste \u201eGoogle Analytics\u201c von der Firma Google LLC. (www.google.com) zur Messung der Anwesenheitsstatistik. \u201eGoogle Analytics\u201c verwendet \u201eCookies\u201c \u2013 kleine Textdateien, die automatisch auf der Festplatte des Benutzers f\u00fcr Besucher-Tracking gespeichert werden. Die gesammelten Daten und die Datenschutzbedingungen dieses Dienstes werden unter https:\/\/www.google.com\/intl\/en\/analytics\/privacyoverview.html ver\u00f6ffentlicht. Sie k\u00f6nnen die Verwendung von \u201eCookies\u201c ablehnen, indem Sie die entsprechenden Einstellungen in Ihrem Browser ausw\u00e4hlen, aber Sie sollen beachten, dass das die volle Funktionalit\u00e4t der Webseite beeinflussen kann. Durch die Nutzung der Webseite stimmen Sie zu, dass Ihre personenbezogenen Daten von Google auf die oben beschriebene Art und Weise zu verarbeitet werden. Die Webseite www.naturacamp-karli.com nutzt soziale Netzwerkdienste (Facebook, Instagram). Bitte beachten Sie die Datenschutzrichtlinien, die auf anderen Webseiten und sozialen Netzwerken verwendet werden.<\/p>\n<p style=\"text-align: justify;\"><strong>Schutzma\u00dfnahmen<\/strong><br \/>\nNatura Camp Karli verwendet IT- Sicherheitsma\u00dfnahmen, Regeln und andere Verfahren, um die personenbezogenen Daten dieser Webseite vor unbefugtem Zugriff, Missbrauch, Offenlegung, Verlust oder Zerst\u00f6rung zu sch\u00fctzen. Um die Privatsph\u00e4re der Webseite-Benutzer zu sch\u00fctzen, verwendet Natura Camp Karli die industriellen Standardschutzma\u00dfnahmen, wie z.B. Firewall und Passwortschutz. Der Benutzer ist auch daf\u00fcr verantwortlich, dass der Computer sicher und gesch\u00fctzt ist, und er muss bewusst sein, dass ohne angemessene Sicherheitsma\u00dfnahmen (wie sichere Internetbrowserkonfiguration, aktualisierte Antivirenprogramme, pers\u00f6nliche Firewall-Programme, keine Nutzung der Programme aus verd\u00e4chtigen Quellen) die Gefahr besteht, dass die Daten und Passw\u00f6rter, die f\u00fcr die Verhinderung des unerlaubten Zugangs zu personenbezogenen Daten benutzt werden, den unbefugten Dritten bekannt gegeben werden k\u00f6nnen, und in diesem Fall \u00fcbernimmt Natura Camp Karli keine Verantwortung.<\/p>\n<p style=\"text-align: justify;\"><strong>Minderj\u00e4hrigenschutz<\/strong><br \/>\nDiese Seite ist f\u00fcr die Erwachsenen bestimmt. Natura Camp Karli sammelt keine personenbezogenen Daten \u00fcber Minderj\u00e4hrige (definiert als Personen unter 18 Jahren) ohne die vorherige, nachpr\u00fcfbare Zustimmung ihres gesetzlichen Vertreters. Beziehungsweise, der gesetzliche Vertreter hat das Recht, auf eigenen Antrag, die vom Minderj\u00e4hrigen zur Verf\u00fcgung gestellten Daten zu \u00fcberpr\u00fcfen und \/ oder die L\u00f6schung der gleichen zu verlangen<\/p>\n<p style=\"text-align: justify;\"><strong>Haftungsbeschr\u00e4nkung<\/strong><br \/>\nWir unternehmen zwar alle verf\u00fcgbaren technischen, organisatorischen und personalbezogenen Ma\u00dfnahmen, um die unbefugte Bekanntgabe Ihrer personenbezogenen Daten zu verhindern. Wir k\u00f6nnen jedoch nicht garantieren, dass einige der von uns gesammelten personenbezogenen Daten niemals versehentlich ver\u00f6ffentlicht werden, was im Gegensatz zu den Bestimmungen dieser Datenschutzrichtlinien steht. Wir haften weder Nutzern noch Dritten, soweit das gesetzlich zul\u00e4ssig ist, f\u00fcr die Sch\u00e4den, die durch die versehentliche Bekanntgabe personenbezogener Daten entstanden sind.<\/p>\n<p style=\"text-align: left;\"><strong>Serverstatistiken<\/strong><br \/>\nDiese Website verwendet Google Analytics, um Verkehrsstatistiken zu messen.<\/p>\n<p style=\"text-align: left;\"><strong>Datenschutzbeauftragter<\/strong><\/p>\n<p style=\"text-align: left;\">Natura Camp Karli<br \/>\nKran\u010di\u0107i bb, 52464 Ka\u0161telir, Hrvatska<br \/>\nTelefon: +385 98 577 896<br \/>\nE.mail: <a href=\"mailto:naturacamp-karli@gmail.com\">naturacamp-karli@gmail.com<\/a><\/p>\n<p style=\"text-align: left;\">Durch die Nutzung der Website www.naturacamp-karli.com erkl\u00e4rt sich der Nutzer mit dem oben beschriebenen Umgang mit personenbezogenen Daten einverstanden.<\/p>\n<\/div><\/div><\/div><div class=\"fusion-layout-column fusion_builder_column fusion-builder-column-2 fusion_builder_column_1_5 1_5 fusion-flex-column\" style=\"--awb-bg-size:cover;--awb-width-large:20%;--awb-margin-top-large:0px;--awb-spacing-right-large:11.875%;--awb-margin-bottom-large:20px;--awb-spacing-left-large:11.875%;--awb-width-medium:20%;--awb-spacing-right-medium:11.875%;--awb-spacing-left-medium:11.875%;--awb-width-small:100%;--awb-spacing-right-small:2.375%;--awb-spacing-left-small:2.375%;\"><div class=\"fusion-column-wrapper fusion-flex-justify-content-flex-start fusion-content-layout-column\"><\/div><\/div><\/div><\/div>\n","protected":false},"excerpt":{"rendered":"","protected":false},"author":1,"featured_media":0,"parent":0,"menu_order":0,"comment_status":"closed","ping_status":"open","template":"","meta":{"footnotes":""},"class_list":["post-3357","page","type-page","status-publish","hentry"],"yoast_head":"<!-- This site is optimized with the Yoast SEO plugin v27.5 - https:\/\/yoast.com\/product\/yoast-seo-wordpress\/ -->\n<title>Schutz der pers\u00f6nlichen Daten - Karli<\/title>\n<meta name=\"robots\" content=\"index, follow, max-snippet:-1, max-image-preview:large, max-video-preview:-1\" \/>\n<link rel=\"canonical\" href=\"https:\/\/naturacamp-karli.com\/de\/schutz-der-persoenlichen-daten\/\" \/>\n<meta property=\"og:locale\" content=\"de_DE\" \/>\n<meta property=\"og:type\" content=\"article\" \/>\n<meta property=\"og:title\" content=\"Schutz der pers\u00f6nlichen Daten - Karli\" \/>\n<meta property=\"og:url\" content=\"https:\/\/naturacamp-karli.com\/de\/schutz-der-persoenlichen-daten\/\" \/>\n<meta property=\"og:site_name\" content=\"Karli\" \/>\n<meta property=\"article:modified_time\" content=\"2021-07-10T13:59:59+00:00\" \/>\n<meta name=\"twitter:card\" content=\"summary_large_image\" \/>\n<meta name=\"twitter:label1\" content=\"Gesch\u00e4tzte Lesezeit\" \/>\n\t<meta name=\"twitter:data1\" content=\"5\u00a0Minuten\" \/>\n<script type=\"application\/ld+json\" class=\"yoast-schema-graph\">{\"@context\":\"https:\\\/\\\/schema.org\",\"@graph\":[{\"@type\":\"WebPage\",\"@id\":\"https:\\\/\\\/naturacamp-karli.com\\\/de\\\/schutz-der-persoenlichen-daten\\\/\",\"url\":\"https:\\\/\\\/naturacamp-karli.com\\\/de\\\/schutz-der-persoenlichen-daten\\\/\",\"name\":\"Schutz der pers\u00f6nlichen Daten - Karli\",\"isPartOf\":{\"@id\":\"https:\\\/\\\/naturacamp-karli.com\\\/en\\\/#website\"},\"datePublished\":\"2021-03-13T06:53:05+00:00\",\"dateModified\":\"2021-07-10T13:59:59+00:00\",\"breadcrumb\":{\"@id\":\"https:\\\/\\\/naturacamp-karli.com\\\/de\\\/schutz-der-persoenlichen-daten\\\/#breadcrumb\"},\"inLanguage\":\"de\",\"potentialAction\":[{\"@type\":\"ReadAction\",\"target\":[\"https:\\\/\\\/naturacamp-karli.com\\\/de\\\/schutz-der-persoenlichen-daten\\\/\"]}]},{\"@type\":\"BreadcrumbList\",\"@id\":\"https:\\\/\\\/naturacamp-karli.com\\\/de\\\/schutz-der-persoenlichen-daten\\\/#breadcrumb\",\"itemListElement\":[{\"@type\":\"ListItem\",\"position\":1,\"name\":\"Home\",\"item\":\"https:\\\/\\\/naturacamp-karli.com\\\/de\\\/\"},{\"@type\":\"ListItem\",\"position\":2,\"name\":\"Schutz der pers\u00f6nlichen Daten\"}]},{\"@type\":\"WebSite\",\"@id\":\"https:\\\/\\\/naturacamp-karli.com\\\/en\\\/#website\",\"url\":\"https:\\\/\\\/naturacamp-karli.com\\\/en\\\/\",\"name\":\"Karli\",\"description\":\"Relaxing Camping Experience\",\"potentialAction\":[{\"@type\":\"SearchAction\",\"target\":{\"@type\":\"EntryPoint\",\"urlTemplate\":\"https:\\\/\\\/naturacamp-karli.com\\\/en\\\/?s={search_term_string}\"},\"query-input\":{\"@type\":\"PropertyValueSpecification\",\"valueRequired\":true,\"valueName\":\"search_term_string\"}}],\"inLanguage\":\"de\"}]}<\/script>\n<!-- \/ Yoast SEO plugin. -->","yoast_head_json":{"title":"Schutz der pers\u00f6nlichen Daten - Karli","robots":{"index":"index","follow":"follow","max-snippet":"max-snippet:-1","max-image-preview":"max-image-preview:large","max-video-preview":"max-video-preview:-1"},"canonical":"https:\/\/naturacamp-karli.com\/de\/schutz-der-persoenlichen-daten\/","og_locale":"de_DE","og_type":"article","og_title":"Schutz der pers\u00f6nlichen Daten - Karli","og_url":"https:\/\/naturacamp-karli.com\/de\/schutz-der-persoenlichen-daten\/","og_site_name":"Karli","article_modified_time":"2021-07-10T13:59:59+00:00","twitter_card":"summary_large_image","twitter_misc":{"Gesch\u00e4tzte Lesezeit":"5\u00a0Minuten"},"schema":{"@context":"https:\/\/schema.org","@graph":[{"@type":"WebPage","@id":"https:\/\/naturacamp-karli.com\/de\/schutz-der-persoenlichen-daten\/","url":"https:\/\/naturacamp-karli.com\/de\/schutz-der-persoenlichen-daten\/","name":"Schutz der pers\u00f6nlichen Daten - Karli","isPartOf":{"@id":"https:\/\/naturacamp-karli.com\/en\/#website"},"datePublished":"2021-03-13T06:53:05+00:00","dateModified":"2021-07-10T13:59:59+00:00","breadcrumb":{"@id":"https:\/\/naturacamp-karli.com\/de\/schutz-der-persoenlichen-daten\/#breadcrumb"},"inLanguage":"de","potentialAction":[{"@type":"ReadAction","target":["https:\/\/naturacamp-karli.com\/de\/schutz-der-persoenlichen-daten\/"]}]},{"@type":"BreadcrumbList","@id":"https:\/\/naturacamp-karli.com\/de\/schutz-der-persoenlichen-daten\/#breadcrumb","itemListElement":[{"@type":"ListItem","position":1,"name":"Home","item":"https:\/\/naturacamp-karli.com\/de\/"},{"@type":"ListItem","position":2,"name":"Schutz der pers\u00f6nlichen Daten"}]},{"@type":"WebSite","@id":"https:\/\/naturacamp-karli.com\/en\/#website","url":"https:\/\/naturacamp-karli.com\/en\/","name":"Karli","description":"Relaxing Camping Experience","potentialAction":[{"@type":"SearchAction","target":{"@type":"EntryPoint","urlTemplate":"https:\/\/naturacamp-karli.com\/en\/?s={search_term_string}"},"query-input":{"@type":"PropertyValueSpecification","valueRequired":true,"valueName":"search_term_string"}}],"inLanguage":"de"}]}},"_links":{"self":[{"href":"https:\/\/naturacamp-karli.com\/de\/wp-json\/wp\/v2\/pages\/3357","targetHints":{"allow":["GET"]}}],"collection":[{"href":"https:\/\/naturacamp-karli.com\/de\/wp-json\/wp\/v2\/pages"}],"about":[{"href":"https:\/\/naturacamp-karli.com\/de\/wp-json\/wp\/v2\/types\/page"}],"author":[{"embeddable":true,"href":"https:\/\/naturacamp-karli.com\/de\/wp-json\/wp\/v2\/users\/1"}],"replies":[{"embeddable":true,"href":"https:\/\/naturacamp-karli.com\/de\/wp-json\/wp\/v2\/comments?post=3357"}],"version-history":[{"count":2,"href":"https:\/\/naturacamp-karli.com\/de\/wp-json\/wp\/v2\/pages\/3357\/revisions"}],"predecessor-version":[{"id":3358,"href":"https:\/\/naturacamp-karli.com\/de\/wp-json\/wp\/v2\/pages\/3357\/revisions\/3358"}],"wp:attachment":[{"href":"https:\/\/naturacamp-karli.com\/de\/wp-json\/wp\/v2\/media?parent=3357"}],"curies":[{"name":"wp","href":"https:\/\/api.w.org\/{rel}","templated":true}]}}